{"id":2816,"date":"2018-09-03T09:39:32","date_gmt":"2018-09-03T07:39:32","guid":{"rendered":"http:\/\/s880915159.onlinehome.fr\/E2M2023\/?page_id=2816"},"modified":"2022-11-26T08:48:02","modified_gmt":"2022-11-26T07:48:02","slug":"edition-2017-2","status":"publish","type":"page","link":"http:\/\/www.rallye-entre2mers.com\/en\/edition-2017-2\/","title":{"rendered":"2017 Edition"},"content":{"rendered":"<h1>Back on the 2017 edition<\/h1>\r\n\r\n\r\n\r\n<a href=\"http:\/\/s880915159.onlinehome.fr\/E2M2023\/wp-content\/uploads\/2017\/10\/Entre2Mers11-10-2017_012.jpg\" rel=\"lightbox-0\"><img decoding=\"async\" src=\"http:\/\/s880915159.onlinehome.fr\/E2M2023\/wp-content\/uploads\/2017\/10\/Entre2Mers11-10-2017_012.jpg\" alt=\"\" width=\"500\" class=\"alignright size-full wp-image-854\" \/><\/a>\r\nC\u2019est le mardi 10 octobre que 44 \u00e9quipages se sont retrouv\u00e9s \u00e0 St Tropez pour le d\u00e9part de la seconde \u00e9dition du Rallye \u00ab Entre 2 Mers \u00bb, organis\u00e9 par Cyril Neveu Promotion et reliant St Tropez \u00e0 la ville imp\u00e9riale de Biarritz.\r\n<br><br>\r\n<strong>Cette ann\u00e9e encore, de magnifiques cylindr\u00e9es rivalisaient de beaut\u00e9 et d\u2019exception\u2026<\/strong>\u00a0Parmi cet extraordinaire plateau on pouvait admirer des Ferrari, Porsche, Jaguar, Austin Healey, Maserati, Aston Martin, Shelby Cobra\u2026 toutes aussi impatientes de s\u2019\u00e9lancer pour vivre ces 4 jours hors du temps.\r\n<br><br>\r\n<a href=\"http:\/\/s880915159.onlinehome.fr\/E2M2023\/wp-content\/uploads\/2017\/10\/E2M12-10-2017_026.jpg\" rel=\"lightbox-1\"><img decoding=\"async\" src=\"http:\/\/s880915159.onlinehome.fr\/E2M2023\/wp-content\/uploads\/2017\/10\/E2M12-10-2017_026-1024x683.jpg\" alt=\"\" width=\"500\" class=\"alignleft size-large wp-image-920\" \/><\/a>Au programme de cette seconde \u00e9dition, des r\u00e9gions magnifiques \u00e0 sillonner telles que les gorges du Verdon, la Provence et ses incomparables Alpilles, les collines du pays Cathare, les massifs des Pyr\u00e9n\u00e9es orientales et espagnoles ainsi que le pays basque.\r\n<br>\r\n<strong>Sur un plan plus sportif les pilotes se sont \u00ab l\u00e2ch\u00e9s \u00bb sur les circuits du grand Sambuc, le circuit d\u2019Andorre et le circuit de Pau-Arnos<\/strong> mais se sont aussi creus\u00e9 la m\u00e9moire pour r\u00e9pondre lors des CP, \u00e0 des Questions cr\u00e9es, autour des th\u00e9matiques de l\u2019automobile et de la connaissance des r\u00e9gions travers\u00e9es.\r\n<br><br>\r\nComme il est maintenant d\u2019usage, sur tous les rallyes organis\u00e9s par \u00ab Cyril Neveu \u00bb, luxe , originalit\u00e9 et convivialit\u00e9 ont permis aux concurrents de vivre des situations un peu particuli\u00e8res comme celle de la soir\u00e9e de d\u00e9part, \u00e0 St Tropez organis\u00e9e chez l\u2019\u00e9ternel et bien nomm\u00e9 \u00ab Senequier \u00bb. Ce soir l\u00e0, le spectacle f\u00e9erique des magnifiques bateaux ancr\u00e9s dans le vieux port rivalisait d\u2019\u00e9l\u00e9gance avec l\u2019extraordinaire plateau des voitures du rallye, stationn\u00e9es sur le port !\r\n<br><br>\r\n<a href=\"http:\/\/s880915159.onlinehome.fr\/E2M2023\/wp-content\/uploads\/2017\/10\/Entre2Mers11-10-2017_019-1.jpg\" rel=\"lightbox-2\"><img decoding=\"async\" src=\"http:\/\/s880915159.onlinehome.fr\/E2M2023\/wp-content\/uploads\/2017\/10\/Entre2Mers11-10-2017_019-1-1024x683.jpg\" alt=\"\" width=\"500\" class=\"alignright size-large wp-image-863\" \/><\/a><h4 style=\"color:#CC4625;\">Mercredi 11 octobre &#8211; Etape 1<\/h4>\r\nLe matin suivant, les voitures et leurs \u00e9quipages ont quitt\u00e9s le ch\u00e2teau de la Messardi\u00e8re, pour vivre leur <strong>premi\u00e8re \u00e9preuve sur le circuit du Grand Sambuc<\/strong>, pr\u00e8s d\u2019Aix en Provence avant de se diriger vers les Baux de Provence. \r\n<br>\r\nA noter, d\u00e8s ce premier circuit,\u00a02 sorties de route\u00a0: celle de la \u00ab\u00a0Shelby Cobra\u00a0\u00bb de Thomas et Joy KERN et celle de la \u00ab\u00a0Ferrari 250 SWB\u00a0\u00bb de Christian et Brigitte CHAVY. Aucune cons\u00e9quence n\u00e9gative, puisque malgr\u00e9 ce \u00ab\u00a0coup de chaud\u00a0\u00bb Thomas et Joy KERN remportent l\u2019\u00e9preuve des \u00ab\u00a0Classic\u00a0\u00bb. En cat\u00e9gorie \u00ab\u00a0Prestige\u00a0\u00bb c\u2019est l\u2019\u00e9quipage Didier BURBAN et Christophe FEVE au volant de leur Ferrari 488 spider, qui se sont impos\u00e9.\r\n<br><br>\r\n<h4 style=\"color:#CC4625;\">Jeudi 12 octobre &#8211; Etape 2<\/h4>\r\nPour la deuxi\u00e8me \u00e9tape du rallye reliant <strong>les Baux-De-Provence \u00e0 Andorre<\/strong> les concurrents \u00e9taient attendus au sommet du col d\u2019Envalira, \u00e0 2 400 m d\u2019altitude pour la <strong>2\u00e8me session de roulage organis\u00e9e sur le Circuit d\u2019Andorre<\/strong>, dont le trac\u00e9 sinueux a pour particularit\u00e9 un interminable virage \u00e0 gauche.\r\n<br>\r\nAu sortir de cette deuxi\u00e8me \u00e9preuve, on retrouve de nouveau la \u00ab\u00a0Shelby Cobra\u00a0\u00bb de l&#8217;\u00e9quipage Thomas et Joy KERN\u00a0en t\u00eate de la categorie Classic. C\u00f4t\u00e9 Prestige, se sont de nouveau, Didier BURBAN et Christophe FEVE qui d\u00e9crochent les honneurs au volant de leur Ferrari 488 Spider.\r\n<br><br>\r\n<a href=\"http:\/\/s880915159.onlinehome.fr\/E2M2023\/wp-content\/uploads\/2017\/10\/Entre2Mers13-10-2017_025.jpg\" rel=\"lightbox-3\"><img loading=\"lazy\" decoding=\"async\" src=\"http:\/\/s880915159.onlinehome.fr\/E2M2023\/wp-content\/uploads\/2017\/10\/Entre2Mers13-10-2017_025.jpg\" alt=\"\" width=\"450\" height=\"516\" class=\"alignleft size-full wp-image-955\" \/><\/a><h4 style=\"color:#CC4625;\">Vendredi 13 octobre &#8211; Etape 3<\/h4>\r\nJour de la <strong>3\u00e8me \u00e9tape du rallye reliant Andorre \u00e0 Pau<\/strong>, les concurrents ont pris une pause dans le roulage sur circuit et ont pu admirer les paysages que leur ont offert les Pyr\u00e9n\u00e9es espagnoles avant de rejoindre Pau o\u00f9 ils \u00e9taient accueillis \u00e0 l\u2019h\u00f4tel du Parc Beaumont.\r\n<br><br>\r\n<h4 style=\"color:#CC4625;\">Samedi 14 octobre &#8211; Etape 4 <\/h4>\r\nLe lendemain, pour la quatri\u00e8me et derni\u00e8re \u00e9preuve du rallye, on assiste \u00e0 un <strong>double coup de th\u00e9\u00e2tre<\/strong> avec l\u2019abandon dans la \u00ab cat\u00e9gorie Classic \u00bb des premiers du classement, Thomas et Joy KERN, (Shelby Cobra) \u00e0 cause d\u2019une surchauffe du moteur. \r\n<br>\r\nEt renversement de situation pour Gilles HORN et Olivier HEBERT (Alpha Romeo Giulia ) qui perdent \u00e9galement leur 2\u00e8me place \u00e0 cause des questions pos\u00e9es aux CP. C\u2019est donc <strong>Fran\u00e7ois Maurey et Marieke Van Genuchtew (Austin Healey)<\/strong> et Karim Ben Ghanem et Nelly Rolland (Ferrari 328 GTS) qui montent sur les deux premi\u00e8res marches du podium de cette cat\u00e9gorie suivi par l\u2019\u00e9quipage compos\u00e9 de Georges SAIER et Carole de JONCKHEERE (Porsche 911. 2.8 RSR).\r\n<br><br>\r\nC\u00f4t\u00e9 \u00ab cat\u00e9gorie Prestige \u00bb l\u2019\u00e9quipage <strong>Eugenio PARADA et Joao COSTA (Mercedes SL)<\/strong> confirme leur victoire de la veille en remportant la seconde \u00e9dition de cet \u00ab Entre 2 Mers \u00bb talonn\u00e9 de pr\u00e8s par Jean Michel MARIE et Julie BACHELLERIE (Aston Martin DB GT), suivi de Michel et Laurence GOSSE (Ferrari 458 Spider).\r\n<br><br>\r\nTous les \u00e9quipages install\u00e9s \u00e0 l\u2019h\u00f4tel du Palais \u00e0 Biarritz se sont retrouv\u00e9s samedi soir pour c\u00e9l\u00e9brer les vainqueurs et assister \u00e0 la remise des prix autour d\u2019un savoureux d\u00eener. L\u2019ambiance et la bonne humeur ont domin\u00e9 cette soir\u00e9e de cl\u00f4ture, et l\u2019on sentait la satisfaction de tous ces concurrents d\u2019avoir eu le privil\u00e8ge de profiter sous le soleil, de ces 4 jours de d\u00e9tente et de sympathique comp\u00e9tition du \u00ab Rallye Entre 2 Mers \u00bb.\r\n<br><br>\r\nCyril Neveu et ses \u00e9quipes remercient tous les participants et leur donnent rendez vous l\u2019ann\u00e9e prochaine pour de nouvelles d\u00e9couvertes !\r\n\r\n\r\n<div class=\"su-spacer\" style=\"height:10px\"><\/div>\r\n\r\n<a href=\"http:\/\/s880915159.onlinehome.fr\/E2M2023\/entre-2-mers-2017-samedi-14-octobre\/\" class=\"su-button su-button-style-flat su-button-wide\" style=\"color:#fff;background-color:#0d3971;border-color:#0b2e5b;border-radius:1px\" target=\"_self\"><span style=\"color:#fff;padding:0px 18px;font-size:14px;line-height:28px;border-color:#56759c;border-radius:1px;text-shadow:none\"> Lire le r\u00e9sum\u00e9 de l&#8217;\u00e9tape 4<\/span><\/a>\r\n<a href=\"http:\/\/s880915159.onlinehome.fr\/E2M2023\/entre-2-mers-2017-vendredi-13-octobre\/\" class=\"su-button su-button-style-flat su-button-wide\" style=\"color:#fff;background-color:#0d3971;border-color:#0b2e5b;border-radius:1px\" target=\"_self\"><span style=\"color:#fff;padding:0px 18px;font-size:14px;line-height:28px;border-color:#56759c;border-radius:1px;text-shadow:none\"> Lire le r\u00e9sum\u00e9 de l&#8217;\u00e9tape 3<\/span><\/a>\r\n<a href=\"http:\/\/s880915159.onlinehome.fr\/E2M2023\/entre-2-mers-2017-jeudi-12-octobre\/\" class=\"su-button su-button-style-flat su-button-wide\" style=\"color:#fff;background-color:#0d3971;border-color:#0b2e5b;border-radius:1px\" target=\"_self\"><span style=\"color:#fff;padding:0px 18px;font-size:14px;line-height:28px;border-color:#56759c;border-radius:1px;text-shadow:none\"> Lire le r\u00e9sum\u00e9 de l&#8217;\u00e9tape 2<\/span><\/a>\r\n<a href=\"http:\/\/s880915159.onlinehome.fr\/E2M2023\/entre-2-mers-2017-mercredi-11-octobre\/\" class=\"su-button su-button-style-flat su-button-wide\" style=\"color:#fff;background-color:#0d3971;border-color:#0b2e5b;border-radius:1px\" target=\"_self\"><span style=\"color:#fff;padding:0px 18px;font-size:14px;line-height:28px;border-color:#56759c;border-radius:1px;text-shadow:none\"> Lire le r\u00e9sum\u00e9 de l&#8217;\u00e9tape 1<\/span><\/a>\r\n<a href=\"http:\/\/s880915159.onlinehome.fr\/E2M2023\/entre-2-mers-2017-mardi-10-octobre\/\" class=\"su-button su-button-style-flat su-button-wide\" style=\"color:#fff;background-color:#0d3971;border-color:#0b2e5b;border-radius:1px\" target=\"_self\"><span style=\"color:#fff;padding:0px 18px;font-size:14px;line-height:28px;border-color:#56759c;border-radius:1px;text-shadow:none\"> Lire le r\u00e9sum\u00e9 de la journ\u00e9e de v\u00e9rifications administratives <\/span><\/a>\r\n<div class=\"su-spacer\" style=\"height:20px\"><\/div>\r\n\r\n<div class=\"su-spacer\" style=\"height:40px\"><\/div>\r\n\r\n<h1 style=\"font-size: 2.2em;\">Rallye Entre 2 Mers : classement final 2017<\/h1>\r\n<hr>\r\n<div class=\"su-row\"><div class=\"su-column su-column-size-1-2\"><div class=\"su-column-inner su-u-clearfix su-u-trim\">\r\n<h3 style=\"color: #CC4625;\">Cat\u00e9gorie Classic<\/h3>\r\n\u25cf 1 : MAUREY Fran\u00e7ois &#038; VAN GENUCHTEW Marieke (Austin Healey)<br>\r\n\u25cf 2 : BEN GHANEM Karim &#038; ROLLAND Nelly (Ferrari 328 GTS)<br>\r\n\u25cf 3 : SAIER Georges &#038; DE JONCHEERE Carole (Porsche 911 2.8 RSR)\r\n\r\n<\/div><\/div><div class=\"su-column su-column-size-1-2\"><div class=\"su-column-inner su-u-clearfix su-u-trim\">\r\n<h3 style=\"color: #CC4625;\">Cat\u00e9gorie Prestige <\/h3>\r\n\u25cf 1 : PARADA Eugenio &#038; COSTA Joao (Mercedes SL)<br>\r\n\u25cf 2 : MARIE Jean-Michel &#038; BACHELLERIE Julie (Aston Martin DB9 GT)<br>\r\n\u25cf 3 : GOSSE Michel &#038; GOSSE Laurence (Ferrari 458 Spider)\r\n\r\n<\/div><\/div><\/div>\r\n\r\n<div class=\"su-spacer\" style=\"height:10px\"><\/div>\r\n\r\n<div class=\"su-row\"><div class=\"su-column su-column-size-1-2\"><div class=\"su-column-inner su-u-clearfix su-u-trim\">\r\n<a href=\"http:\/\/s880915159.onlinehome.fr\/E2M2023\/wp-content\/uploads\/2015\/08\/image001.jpg\" rel=\"lightbox-4\"><img loading=\"lazy\" decoding=\"async\" src=\"http:\/\/s880915159.onlinehome.fr\/E2M2023\/wp-content\/uploads\/2015\/08\/image001.jpg\" alt=\"\" width=\"972\" height=\"649\" class=\"alignleft size-full wp-image-1049\" \/><\/a>\r\n<\/div><\/div><div class=\"su-column su-column-size-1-2\"><div class=\"su-column-inner su-u-clearfix su-u-trim\">\r\n<a href=\"http:\/\/s880915159.onlinehome.fr\/E2M2023\/wp-content\/uploads\/2015\/08\/image002.jpg\" rel=\"lightbox-5\"><img loading=\"lazy\" decoding=\"async\" src=\"http:\/\/s880915159.onlinehome.fr\/E2M2023\/wp-content\/uploads\/2015\/08\/image002.jpg\" alt=\"\" width=\"972\" height=\"649\" class=\"alignleft size-full wp-image-1050\" \/><\/a>\r\n<\/div><\/div><\/div>\r\n\r\n\r\n\r\n<div class=\"su-row\"><div class=\"su-column su-column-size-1-2\"><div class=\"su-column-inner su-u-clearfix su-u-trim\">\r\n<div class=\"su-button-center\"><a href=\"http:\/\/s880915159.onlinehome.fr\/E2M2023\/wp-content\/uploads\/2017\/10\/CLASSEMENT-FINAL-E2M-2017.pdf\" class=\"su-button su-button-style-default su-button-wide\" style=\"color:#CC4625;background-color:#f5f5f5;border-color:#c4c4c4;border-radius:6px\" target=\"_blank\" rel=\"noopener noreferrer\"><span style=\"color:#CC4625;padding:0px 18px;font-size:14px;line-height:28px;border-color:#f8f8f8;border-radius:6px;text-shadow:none\"> T\u00e9l\u00e9chargez le classement final : cliquez ici<\/span><\/a><\/div>\r\n<\/div><\/div><div class=\"su-column su-column-size-1-2\"><div class=\"su-column-inner su-u-clearfix su-u-trim\">\r\n<div class=\"su-button-center\"><a href=\"http:\/\/s880915159.onlinehome.fr\/E2M2023\/wp-content\/uploads\/2017\/10\/RESULTATS-E2M-2017-CIRCUITS.pdf\" class=\"su-button su-button-style-default su-button-wide\" style=\"color:#CC4625;background-color:#f5f5f5;border-color:#c4c4c4;border-radius:6px\" target=\"_blank\" rel=\"noopener noreferrer\"><span style=\"color:#CC4625;padding:0px 18px;font-size:14px;line-height:28px;border-color:#f8f8f8;border-radius:6px;text-shadow:none\"> T\u00e9l\u00e9chargez le classement Circuits : cliquez ici<\/span><\/a><\/div>\r\n<\/div><\/div><\/div>\r\n\r\n\r\n\r\n\r\n\r\n\r\n\r\n<div class=\"su-spacer\" style=\"height:10px\"><\/div>\r\n\r\n<div class=\"su-button-center\"><a href=\"http:\/\/s880915159.onlinehome.fr\/E2M2023\/2017\/10\/11\/entre-2-mers-2017-mardi-10-octobre\/\" class=\"su-button su-button-style-default su-button-wide\" style=\"color:#FFFFFF;background-color:#CC4625;border-color:#a4381e;border-radius:6px\" target=\"_self\"><span style=\"color:#FFFFFF;padding:6px 18px;font-size:14px;line-height:21px;border-color:#dc7e67;border-radius:6px;text-shadow:none\"><i class=\"sui sui-arrow-right\" style=\"font-size:14px;color:#FFFFFF\"><\/i> R\u00e9sum\u00e9 du mardi 10 octobre : cliquez ici<\/span><\/a><\/div>\r\n<div class=\"su-button-center\"><a href=\"http:\/\/s880915159.onlinehome.fr\/E2M2023\/2017\/10\/13\/entre-2-mers-2017-mercredi-11-octobre\/\" class=\"su-button su-button-style-default su-button-wide\" style=\"color:#FFFFFF;background-color:#CC4625;border-color:#a4381e;border-radius:6px\" target=\"_self\"><span style=\"color:#FFFFFF;padding:6px 18px;font-size:14px;line-height:21px;border-color:#dc7e67;border-radius:6px;text-shadow:none\"><i class=\"sui sui-arrow-right\" style=\"font-size:14px;color:#FFFFFF\"><\/i> R\u00e9sum\u00e9 du mercredi 11 octobre : cliquez ici<\/span><\/a><\/div>\r\n<div class=\"su-button-center\"><a href=\"http:\/\/s880915159.onlinehome.fr\/E2M2023\/2017\/10\/13\/entre-2-mers-2017-jeudi-12-octobre\/\" class=\"su-button su-button-style-default su-button-wide\" style=\"color:#FFFFFF;background-color:#CC4625;border-color:#a4381e;border-radius:6px\" target=\"_self\"><span style=\"color:#FFFFFF;padding:6px 18px;font-size:14px;line-height:21px;border-color:#dc7e67;border-radius:6px;text-shadow:none\"><i class=\"sui sui-arrow-right\" style=\"font-size:14px;color:#FFFFFF\"><\/i> R\u00e9sum\u00e9 du jeudi 12 octobre : cliquez ici<\/span><\/a><\/div>\r\n<div class=\"su-button-center\"><a href=\"http:\/\/s880915159.onlinehome.fr\/E2M2023\/2017\/10\/14\/entre-2-mers-2017-vendredi-13-octobre\/\" class=\"su-button su-button-style-default su-button-wide\" style=\"color:#FFFFFF;background-color:#CC4625;border-color:#a4381e;border-radius:6px\" target=\"_self\"><span style=\"color:#FFFFFF;padding:6px 18px;font-size:14px;line-height:21px;border-color:#dc7e67;border-radius:6px;text-shadow:none\"><i class=\"sui sui-arrow-right\" style=\"font-size:14px;color:#FFFFFF\"><\/i> R\u00e9sum\u00e9 du vendredi 13 octobre : cliquez ici<\/span><\/a><\/div>\r\n<div class=\"su-button-center\"><a href=\"http:\/\/s880915159.onlinehome.fr\/E2M2023\/2017\/10\/18\/entre-2-mers-2017-samedi-14-octobre\/\" class=\"su-button su-button-style-default su-button-wide\" style=\"color:#FFFFFF;background-color:#CC4625;border-color:#a4381e;border-radius:6px\" target=\"_self\"><span style=\"color:#FFFFFF;padding:6px 18px;font-size:14px;line-height:21px;border-color:#dc7e67;border-radius:6px;text-shadow:none\"><i class=\"sui sui-arrow-right\" style=\"font-size:14px;color:#FFFFFF\"><\/i> R\u00e9sum\u00e9 du samedi 14 octobre : cliquez ici<\/span><\/a><\/div>\r\n\r\n\r\n<!-- MetaSlider 1063 not found -->\r\n\r\n\r\n<div class=\"su-spacer\" style=\"height:45px\"><\/div>\r\n\r\n<div class=\"su-row\"><div class=\"su-column su-column-size-1-2\"><div class=\"su-column-inner su-u-clearfix su-u-trim\">\r\n<a href=\"http:\/\/s880915159.onlinehome.fr\/E2M2023\/wp-content\/uploads\/2017\/10\/banMail20171010A.jpg\" rel=\"lightbox-6\"><img loading=\"lazy\" decoding=\"async\" src=\"http:\/\/s880915159.onlinehome.fr\/E2M2023\/wp-content\/uploads\/2017\/10\/banMail20171010A.jpg\" alt=\"\" width=\"600\" height=\"360\" class=\"alignleft size-full wp-image-807\" \/><\/a>\r\n<\/div><\/div><div class=\"su-column su-column-size-1-2\"><div class=\"su-column-inner su-u-clearfix su-u-trim\">\r\n<h3 style=\"color: #CC4625;\">Carte du parcours 2017<\/h3>\r\n<a href=\"http:\/\/s880915159.onlinehome.fr\/E2M2023\/wp-content\/uploads\/2017\/07\/CARTE-E2M-2017-1.png\" rel=\"lightbox-7\"><img loading=\"lazy\" decoding=\"async\" src=\"http:\/\/s880915159.onlinehome.fr\/E2M2023\/wp-content\/uploads\/2017\/07\/CARTE-E2M-2017-1.png\" alt=\"\" width=\"965\" height=\"301\" class=\"alignnone size-full wp-image-724\" \/><\/a>\r\n\r\n<div class=\"su-spacer\" style=\"height:10px\"><\/div>\r\n\r\n\r\n<div class=\"su-button-center\"><a href=\"http:\/\/s880915159.onlinehome.fr\/E2M2023\/wp-content\/uploads\/2017\/Dossier-de-Presse-E2M-2017.pdf\" class=\"su-button su-button-style-default su-button-wide\" style=\"color:#CC4625;background-color:#f5f5f5;border-color:#c4c4c4;border-radius:7px\" target=\"_blank\" rel=\"noopener noreferrer\"><span style=\"color:#CC4625;padding:0px 20px;font-size:16px;line-height:32px;border-color:#f8f8f8;border-radius:7px;text-shadow:none\"> Lire le dossier de presse<\/span><\/a><\/div>\r\n<\/div><\/div><\/div>\r\n\r\n\r\n\r\n\r\n\r\n\r\n<div class=\"su-spacer\" style=\"height:20px\"><\/div>\r\n\r\n\r\n<div class=\"pt-cv-wrapper\"><div class=\"pt-cv-view pt-cv-grid pt-cv-colsys\" id=\"pt-cv-view-515da47ct9\"><div data-id=\"pt-cv-page-1\" class=\"pt-cv-page cv-npf\" data-cvc=\"2\"><div class=\"col-md-6 col-sm-6 col-xs-12 pt-cv-content-item pt-cv-1-col\" ><div class='pt-cv-ifield'><div class=\"pt-cv-no-post\">No posts found.<\/div><\/div><\/div><\/div><\/div><\/div>","protected":false},"excerpt":{"rendered":"<p>Back on the 2017 edition C\u2019est le mardi 10 octobre que 44 \u00e9quipages se sont retrouv\u00e9s \u00e0 St Tropez pour le d\u00e9part de la seconde \u00e9dition du Rallye \u00ab Entre 2 Mers \u00bb, organis\u00e9 par Cyril Neveu Promotion et reliant St Tropez \u00e0 la ville imp\u00e9riale de Biarritz. Cette ann\u00e9e encore, de magnifiques cylindr\u00e9es rivalisaient [&hellip;]<\/p>\n","protected":false},"author":6,"featured_media":0,"parent":0,"menu_order":0,"comment_status":"closed","ping_status":"closed","template":"","meta":{"footnotes":""},"class_list":["post-2816","page","type-page","status-publish","hentry","post"],"translation":{"provider":"WPGlobus","version":"3.0.0","language":"en","enabled_languages":["fr","en"],"languages":{"fr":{"title":true,"content":true,"excerpt":false},"en":{"title":true,"content":true,"excerpt":false}}},"_links":{"self":[{"href":"http:\/\/www.rallye-entre2mers.com\/en\/wp-json\/wp\/v2\/pages\/2816","targetHints":{"allow":["GET"]}}],"collection":[{"href":"http:\/\/www.rallye-entre2mers.com\/en\/wp-json\/wp\/v2\/pages"}],"about":[{"href":"http:\/\/www.rallye-entre2mers.com\/en\/wp-json\/wp\/v2\/types\/page"}],"author":[{"embeddable":true,"href":"http:\/\/www.rallye-entre2mers.com\/en\/wp-json\/wp\/v2\/users\/6"}],"replies":[{"embeddable":true,"href":"http:\/\/www.rallye-entre2mers.com\/en\/wp-json\/wp\/v2\/comments?post=2816"}],"version-history":[{"count":0,"href":"http:\/\/www.rallye-entre2mers.com\/en\/wp-json\/wp\/v2\/pages\/2816\/revisions"}],"wp:attachment":[{"href":"http:\/\/www.rallye-entre2mers.com\/en\/wp-json\/wp\/v2\/media?parent=2816"}],"curies":[{"name":"wp","href":"https:\/\/api.w.org\/{rel}","templated":true}]}}