{"id":12365,"date":"2025-03-11T17:52:57","date_gmt":"2025-03-11T16:52:57","guid":{"rendered":"http:\/\/www.rallye-entre2mers.com\/?page_id=12365"},"modified":"2025-03-11T17:52:57","modified_gmt":"2025-03-11T16:52:57","slug":"accueil2025","status":"publish","type":"page","link":"http:\/\/www.rallye-entre2mers.com\/en\/","title":{"rendered":"Homepage"},"content":{"rendered":"<h1>10<sup>\u00e8me<\/sup> RALLYE ENTRE 2 MERS\r\n<br \/><span style=\"color: #666666;\">13-17 OCTOBRE 2025<\/span><\/h1>\r\n<h2><span style=\"color: #ff0000;\">COGNAC > MONESTIER > PAU > BIARRITZ<\/span>\r\n<br \/><span style=\"color: #666666;\">5 JOURS &#8211; 4 ETAPES &#8211; 1200km<\/span><\/h2>\r\n\r\n<div class=\"su-spacer\" style=\"height:20px\"><\/div>\r\n\r\n\r\n\r\n<div class=\"su-spacer\" style=\"height:30px\"><\/div>\r\n<blockquote><h3 style=\"color: #ff0000; line-height: 1em;\">Un parcours fait de d\u00e9couvertes et de sessions de pilotage sur circuit !<\/h3><\/blockquote>\r\n<div class=\"su-spacer\" style=\"height:30px\"><\/div>\r\n\r\n<div class=\"su-row\"><div class=\"su-column su-column-size-1-3\"><div class=\"su-column-inner su-u-clearfix su-u-trim\">\r\n<h2>RETOUR <br>AUX SOURCES<\/h2>\r\nPour c\u00e9l\u00e8brer la 10\u00e8me \u00e9iditon du Ralley Entre 2 Mers, CNP vous propose un parcours &#8220;retour aux sources&#8221; dans le sud ouest de la France. Un d\u00e9part in\u00e9dit depuis Cognac est pr\u00e9vu avant de rejoindre le pays basque et les terres des spiritueux.  \r\n<\/div><\/div>\r\n<div class=\"su-column su-column-size-2-3\"><div class=\"su-column-inner su-u-clearfix su-u-trim\"><\/div><\/div>\r\n<h2>DE COGNAC <br>A BIARRITZ<\/h2>\r\nCet itin\u00e9raire de Coganc \u00e0 Biarritz sera un m\u00e9lange de nouveaut\u00e9s et de lieux de passage du Rallye Entre 2 Mers depuis 2016. Vous pourrez d\u00e9couvrir les r\u00e9gions de Cognac, du P\u00e9rigord vert et du P\u00e9rigord noir, du haut et du bas Ar- magnac, des Pyr\u00e9nn\u00e9es et du Pays Basque. Rien que \u00e7a !\r\nLa particularit\u00e9 de ce rallye est d\u2019associer les belles r\u00e9gions de France \u00e0 des sessions de roulage sur les circuits de Haute-Saintonge, de Nogaro et de Pau- Arnos. Une fois \u201ccasqu\u00e9 et attach\u00e9\u201d, chaque pilote sera libre de rouler \u00e0 son rythme dans cette \u00e9preuve ouverte \u00e0 tous, quelques soient les performances de votre voiture, sans aucunes restrictions autres que de se faire plaisir !\r\n<\/div>\r\n<div class=\"su-spacer\" style=\"height:20px\"><\/div>\r\n<div class=\"su-spacer\" style=\"height:10px\"><\/div>\r\n<div class=\"su-row\">\r\n<div class=\"su-box su-box-style-default\" id=\"\" style=\"border-color:#ae0000;border-radius:3px;\"><div class=\"su-box-title\" style=\"background-color:#E10101;color:#FFFFFF;border-top-left-radius:1px;border-top-right-radius:1px\">EQUIPEMENTS DE SECURITE OBLIGATOIRES POUR ROULER SUR CIRCUIT<\/div><div class=\"su-box-content su-u-clearfix su-u-trim\" style=\"border-bottom-left-radius:1px;border-bottom-right-radius:1px\">\r\nAfin d\u2019assurer une s\u00e9curit\u00e9 maximale pour tous,<br \/>chaque participant pr\u00e9sent \u00e0 bord du v\u00e9hicule devra \u00eatre \u00e9quip\u00e9 d\u2019un <strong>CASQUE<\/strong> et de <strong>GANTS<\/strong>.<br \/>\r\nLes voitures devront \u00eatre \u00e9quip\u00e9es d\u2019un <strong>CROCHET DE REMORQUAGE<\/strong> et d\u2019un <strong>EXTINCTEUR<\/strong>.\r\n<\/div><\/div>\r\n<\/div>\r\n\r\n<div class=\"su-divider su-divider-style-default\" style=\"margin:0px 0;border-width:4px;border-color:#999999\"><\/div>\r\n\r\n<h1>PROGRAMME<\/h1>\r\n<div class=\"su-note\"  style=\"border-color:#001241;border-radius:3px;-moz-border-radius:3px;-webkit-border-radius:3px;\"><div class=\"su-note-inner su-u-clearfix su-u-trim\" style=\"background-color:#002c5b;border-color:#ccf8ff;color:#333333;border-radius:3px;-moz-border-radius:3px;-webkit-border-radius:3px;\">\r\n<div class=\"su-row\">\r\n<div class=\"su-column su-column-size-1-5\"><div class=\"su-column-inner su-u-clearfix su-u-trim\">\r\n<h4><span style=\"color: #ff0000;\">LUNDI 13 OCTOBRE<\/span><br \/><span style=\"color: #FFFFFF;\">ACCUEIL<\/span><\/h4>\r\n<span style=\"color: #ffffff;\"><i class=\"fa fa-map-marker\" aria-hidden=\"true\"><\/i> <b>COGNAC<\/b>\r\n<br \/><i class=\"fa fa-plane\" aria-hidden=\"true\"><\/i> A\u00e9roport: Bordeaux\r\n<br \/><i class=\"fa fa-cutlery\" aria-hidden=\"true\"><\/i> D\u00e9jeuner libre\r\n<br \/><i class=\"fa fa-bullhorn\" aria-hidden=\"true\"><\/i> Briefing g\u00e9n\u00e9ral\r\n<br \/><i class=\"fa fa-hotel\" aria-hidden=\"true\"><\/i> H\u00f4tel Chais Monnet &#038; Spa, COGNAC<\/span>\r\n<\/div><\/div>\r\n<div class=\"su-column su-column-size-1-5\"><div class=\"su-column-inner su-u-clearfix su-u-trim\">\r\n<h4><span style=\"color: #ff0000;\">MARDI 14 OCTOBRE<\/span><br \/>\r\n<span style=\"color: #FFFFFF;\">ETAPE 1<\/span><\/h4>\r\n<span style=\"color: #ffffff;\"><i class=\"fa fa-road\" aria-hidden=\"true\"><\/i> <b>COGNAC > MONESTIER<\/b>\r\n<br \/><i class=\"fa fa-dashboard\" aria-hidden=\"true\"><\/i> 250KM\r\n<br \/><i class=\"fa fa-cutlery\" aria-hidden=\"true\"><\/i> D\u00e9jeuner au Circuit de Haute-Saintonge\r\n<br \/><i class=\"fa fa-hotel\" aria-hidden=\"true\"><\/i> H\u00f4tel Chateau des Vigiers, MONESTIER<\/span>\r\n<\/div><\/div>\r\n<div class=\"su-column su-column-size-1-5\"><div class=\"su-column-inner su-u-clearfix su-u-trim\">\r\n<h4><span style=\"color: #ff0000;\">MERCREDI 15 OCTOBRE<\/span><br \/>\r\n<span style=\"color: #FFFFFF;\">ETAPE 2<\/span><\/h4>\r\n<span style=\"color: #ffffff;\"><i class=\"fa fa-road\" aria-hidden=\"true\"><\/i> <b>MONESTIER > PAU<\/b>\r\n<br \/><i class=\"fa fa-dashboard\" aria-hidden=\"true\"><\/i> 250KM\r\n<br \/><i class=\"fa fa-cutlery\" aria-hidden=\"true\"><\/i> D\u00e9jeuner en route\r\n<br \/><i class=\"fa fa-hotel\" aria-hidden=\"true\"><\/i> H\u00f4tel Parc Beaumont, PAU<\/span>\r\n<\/div><\/div>\r\n<div class=\"su-column su-column-size-1-5\"><div class=\"su-column-inner su-u-clearfix su-u-trim\">\r\n<h4><span style=\"color: #ff0000;\">JEUDI 16 OCTOBRE<\/span><br \/>\r\n<span style=\"color: #FFFFFF;\">ETAPE 3<\/span><\/h4>\r\n<span style=\"color: #ffffff;\"><i class=\"fa fa-road\" aria-hidden=\"true\"><\/i> <b>PAU > PAU<\/b>\r\n<br \/><i class=\"fa fa-dashboard\" aria-hidden=\"true\"><\/i> 250KM\r\n<br \/><i class=\"fa fa-cutlery\" aria-hidden=\"true\"><\/i> D\u00e9jeuner en route\r\n<br \/><i class=\"fa fa-hotel\" aria-hidden=\"true\"><\/i> H\u00f4tel Parc Beaumont, PAU<\/span>\r\n\r\n<\/div><\/div>\r\n<div class=\"su-column su-column-size-1-5\"><div class=\"su-column-inner su-u-clearfix su-u-trim\">\r\n<h4><span style=\"color: #ff0000;\">VENDREDI 17 OCTOBRE<\/span><br \/>\r\n<span style=\"color: #FFFFFF;\">ETAPE 4<\/span><\/h4>\r\n<span style=\"color: #ffffff;\"><i class=\"fa fa-road\" aria-hidden=\"true\"><\/i><b>PAU > BIARRITZ<\/b>\r\n<br \/><i class=\"fa fa-dashboard\" aria-hidden=\"true\"><\/i> 250KM\r\n<br \/><i class=\"fa fa-cutlery\" aria-hidden=\"true\"><\/i> D\u00e9jeuner \u00e0 IRATY\r\n<br \/><i class=\"fa fa-hotel\" aria-hidden=\"true\"><\/i> H\u00f4tel du Palais, BIARRITZ\r\n<br \/><i class=\"fa fa-trophy\" aria-trophy=\"true\"><\/i> Remise des Prix\r\n<br \/><i class=\"fa fa-plane\" aria-hidden=\"true\"><\/i> A\u00e9roport: Biarritz<\/span>\r\n\r\n<\/div><\/div>\r\n<\/div>\r\n<\/div><\/div>\r\n\r\n<div class=\"su-divider su-divider-style-default\" style=\"margin:0px 0;border-width:4px;border-color:#999999\"><\/div>\r\n\r\n<h1>PARCOURS<\/h1>\r\n<div class=\"su-spacer\" style=\"height:10px\"><\/div>\r\n\r\n<img decoding=\"async\" src=\"http:\/\/www.rallye-entre2mers.com\/wp-content\/uploads\/2025\/03\/map-E2M025.png\" alt=\"\" width=\"1000\" height=\"\" class=\"aligncenter size-large\" \/>\r\n<div class=\"su-spacer\" style=\"height:20px\"><\/div>\r\n\r\n<div class=\"su-divider su-divider-style-default\" style=\"margin:0px 0;border-width:4px;border-color:#999999\"><\/div>\r\n<h1>COMMENT PARTICIPER ?<\/h1>\r\n<div class=\"su-row\">\r\n<div class=\"su-column su-column-size-1-3\"><div class=\"su-column-inner su-u-clearfix su-u-trim\">\r\n<div class=\"su-button-center\"><a href=\"http:\/\/*\" class=\"su-button su-button-style-flat su-button-wide\" style=\"color:#FFFFFF;background-color:#002c5b;border-color:#002449;border-radius:3px\" target=\"_blank\" rel=\"noopener noreferrer\"><span style=\"color:#FFFFFF;padding:7px 20px;font-size:16px;line-height:24px;border-color:#4d6c8d;border-radius:3px;text-shadow:none\"><i class=\"sui sui-info-circle\" style=\"font-size:16px;color:#FFFFFf\"><\/i> Prestations et Tarifs<\/span><\/a><\/div>\r\n<div class=\"su-button-center\"><a href=\"http:\/\/rallye-entre2mers.com\/wp-content\/uploads\/2025\/03\/BULLETIN_ENGAGEMENT-E2M2025.pdf\" class=\"su-button su-button-style-flat su-button-wide\" style=\"color:#FFFFFF;background-color:#002c5b;border-color:#002449;border-radius:3px\" target=\"_blank\" rel=\"noopener noreferrer\"><span style=\"color:#FFFFFF;padding:7px 20px;font-size:16px;line-height:24px;border-color:#4d6c8d;border-radius:3px;text-shadow:none\"><i class=\"sui sui-edit\" style=\"font-size:16px;color:#FFFFFf\"><\/i> Bulletin d&#8217;engagement (.pdf)<\/span><\/a><\/div>\r\n<div class=\"su-button-center\"><a href=\"http:\/\/rallye-entre2mers.com\/wp-content\/uploads\/2025\/03\/REGLEMENT%20CONDITIONS%20VENTE%20GENERAL_E2M.pdf\" class=\"su-button su-button-style-flat su-button-wide\" style=\"color:#FFFFFF;background-color:#002c5b;border-color:#002449;border-radius:3px\" target=\"_blank\" rel=\"noopener noreferrer\"><span style=\"color:#FFFFFF;padding:7px 20px;font-size:16px;line-height:24px;border-color:#4d6c8d;border-radius:3px;text-shadow:none\"><i class=\"sui sui-gavel\" style=\"font-size:16px;color:#FFFFFf\"><\/i> R\u00e8glement et Conditions<br>G\u00e9n\u00e9rales de vente (.pdf)<\/span><\/a><\/div>\r\n<div class=\"su-button-center\"><a href=\"http:\/\/inscription.cyrilneveupromotion.com\" class=\"su-button su-button-style-flat su-button-wide\" style=\"color:#FFFFFF;background-color:#008825;border-color:#006d1e;border-radius:3px\" target=\"_blank\" rel=\"noopener noreferrer\"><span style=\"color:#FFFFFF;padding:7px 20px;font-size:16px;line-height:24px;border-color:#4dac67;border-radius:3px;text-shadow:none\"><i class=\"sui sui-address-card-o\" style=\"font-size:16px;color:#FFFFFf\"><\/i> Inscription en ligne<\/span><\/a><\/div>\r\n<\/div><\/div>\r\n<div class=\"su-column su-column-size-2-3\"><div class=\"su-column-inner su-u-clearfix su-u-trim\">\r\n<br \/>\r\n<h2><span style=\"color: #444444;\">VEHICULES ELIGIBLES :<\/span><\/h2>\r\n<b>Cat\u00e9gorie Classic :<\/b><br \/>Voitures construites entre 1930 et 1993.R\u00e9pliques accept\u00e9es sous conditions.<br \/>\r\n<br \/>\r\n<b>Cat\u00e9gorie Prestige :<\/b><br \/>Voitures de Sport ou de Grand Tourisme construite \u00e0 partir de 1993 et jusqu&#8217;\u00e0 nos jours.\r\n<\/div><\/div>\r\n<\/div>\r\n\r\n\r\n\r\n<div class=\"su-spacer\" style=\"height:20px\"><\/div>\r\n<div class=\"su-divider su-divider-style-default\" style=\"margin:0px 0;border-width:4px;border-color:#999999\"><\/div>\r\n\r\n<h1>DERNIERES NOUVELLES<\/h1>\r\n<div class=\"pt-cv-wrapper\"><div class=\"pt-cv-view pt-cv-overlaygrid iscvblock iscvhybrid overlay1 layout1\" id=\"pt-cv-view-f50dc77rg7\"><div data-id=\"pt-cv-page-1\" class=\"pt-cv-page\" data-cvc=\"3\"><div class=\" pt-cv-content-item pt-cv-1-col\" ><div class=\"pt-cv-thumb-wrapper  \"><a href=\"http:\/\/www.rallye-entre2mers.com\/en\/retour-en-image-sur-la-10eme-edition\/\" class=\"_self pt-cv-href-thumbnail pt-cv-thumb-default\" target=\"_self\" ><img loading=\"lazy\" decoding=\"async\" width=\"720\" height=\"479\" src=\"http:\/\/www.rallye-entre2mers.com\/wp-content\/uploads\/2025\/10\/Equipage01-1-768x511.jpeg\" class=\"pt-cv-thumbnail\" alt=\"\" \/><\/a><div class=\"pt-cv-taxoterm over_top_right\"><a href='http:\/\/www.rallye-entre2mers.com\/en\/category\/10eme-edition\/' title='10\u00e8me Edition' class='pt-cv-tax-10eme-edition'>10\u00e8me Edition<\/a><a href='http:\/\/www.rallye-entre2mers.com\/en\/category\/2025\/' title='2025' class='pt-cv-tax-2025'>2025<\/a><a href='http:\/\/www.rallye-entre2mers.com\/en\/category\/actualites\/' title='Actualit\u00e9s' class='pt-cv-tax-actualites'>Actualit\u00e9s<\/a><\/div><\/div>\n<div class=\"pt-cv-overlay-wrapper\"><h4 class=\"pt-cv-title\"><a href=\"http:\/\/www.rallye-entre2mers.com\/en\/retour-en-image-sur-la-10eme-edition\/\" class=\"_self\" target=\"_self\" >Retour en image sur la 10\u00e8me \u00e9dition<\/a><\/h4><div class=\"pt-cv-content\"><div class=\"pt-cv-rmwrap\"><a href=\"http:\/\/www.rallye-entre2mers.com\/en\/retour-en-image-sur-la-10eme-edition\/\" class=\"_self pt-cv-readmore btn btn-success\" target=\"_self\">Lire La Suite<\/a><\/div><\/div><\/div><\/div>\n<div class=\" pt-cv-content-item pt-cv-1-col\" ><div class=\"pt-cv-thumb-wrapper  \"><a href=\"http:\/\/www.rallye-entre2mers.com\/en\/etape-4-pau-biarritz\/\" class=\"_self pt-cv-href-thumbnail pt-cv-thumb-default\" target=\"_self\" ><img loading=\"lazy\" decoding=\"async\" width=\"720\" height=\"481\" src=\"http:\/\/www.rallye-entre2mers.com\/wp-content\/uploads\/2025\/10\/DSC4380-768x513.jpg\" class=\"pt-cv-thumbnail\" alt=\"\" \/><\/a><div class=\"pt-cv-taxoterm over_top_right\"><a href='http:\/\/www.rallye-entre2mers.com\/en\/category\/10eme-edition\/' title='10\u00e8me Edition' class='pt-cv-tax-10eme-edition'>10\u00e8me Edition<\/a><a href='http:\/\/www.rallye-entre2mers.com\/en\/category\/2025\/' title='2025' class='pt-cv-tax-2025'>2025<\/a><a href='http:\/\/www.rallye-entre2mers.com\/en\/category\/actualites\/' title='Actualit\u00e9s' class='pt-cv-tax-actualites'>Actualit\u00e9s<\/a><\/div><\/div>\n<div class=\"pt-cv-overlay-wrapper\"><h4 class=\"pt-cv-title\"><a href=\"http:\/\/www.rallye-entre2mers.com\/en\/etape-4-pau-biarritz\/\" class=\"_self\" target=\"_self\" >Etape 4 \/ PAU > BIARRITZ<\/a><\/h4><div class=\"pt-cv-content\"><div class=\"pt-cv-rmwrap\"><a href=\"http:\/\/www.rallye-entre2mers.com\/en\/etape-4-pau-biarritz\/\" class=\"_self pt-cv-readmore btn btn-success\" target=\"_self\">Lire La Suite<\/a><\/div><\/div><\/div><\/div>\n<div class=\" pt-cv-content-item pt-cv-1-col\" ><div class=\"pt-cv-thumb-wrapper  \"><a href=\"http:\/\/www.rallye-entre2mers.com\/en\/etape-3-pau-pau\/\" class=\"_self pt-cv-href-thumbnail pt-cv-thumb-default\" target=\"_self\" ><img loading=\"lazy\" decoding=\"async\" width=\"720\" height=\"481\" src=\"http:\/\/www.rallye-entre2mers.com\/wp-content\/uploads\/2025\/10\/DSC4203-768x513.jpg\" class=\"pt-cv-thumbnail\" alt=\"\" \/><\/a><div class=\"pt-cv-taxoterm over_top_right\"><a href='http:\/\/www.rallye-entre2mers.com\/en\/category\/10eme-edition\/' title='10\u00e8me Edition' class='pt-cv-tax-10eme-edition'>10\u00e8me Edition<\/a><a href='http:\/\/www.rallye-entre2mers.com\/en\/category\/2025\/' title='2025' class='pt-cv-tax-2025'>2025<\/a><a href='http:\/\/www.rallye-entre2mers.com\/en\/category\/actualites\/' title='Actualit\u00e9s' class='pt-cv-tax-actualites'>Actualit\u00e9s<\/a><\/div><\/div>\n<div class=\"pt-cv-overlay-wrapper\"><h4 class=\"pt-cv-title\"><a href=\"http:\/\/www.rallye-entre2mers.com\/en\/etape-3-pau-pau\/\" class=\"_self\" target=\"_self\" >Etape 3 \/ PAU > PAU<\/a><\/h4><div class=\"pt-cv-content\"><div class=\"pt-cv-rmwrap\"><a href=\"http:\/\/www.rallye-entre2mers.com\/en\/etape-3-pau-pau\/\" class=\"_self pt-cv-readmore btn btn-success\" target=\"_self\">Lire La Suite<\/a><\/div><\/div><\/div><\/div>\n<div class=\" pt-cv-content-item pt-cv-1-col\" ><div class=\"pt-cv-thumb-wrapper  \"><a href=\"http:\/\/www.rallye-entre2mers.com\/en\/etape-2-monestier-pau\/\" class=\"_self pt-cv-href-thumbnail pt-cv-thumb-default\" target=\"_self\" ><img loading=\"lazy\" decoding=\"async\" width=\"720\" height=\"481\" src=\"http:\/\/www.rallye-entre2mers.com\/wp-content\/uploads\/2025\/10\/DSC4051-768x513.jpg\" class=\"pt-cv-thumbnail\" alt=\"\" \/><\/a><div class=\"pt-cv-taxoterm over_top_right\"><a href='http:\/\/www.rallye-entre2mers.com\/en\/category\/10eme-edition\/' title='10\u00e8me Edition' class='pt-cv-tax-10eme-edition'>10\u00e8me Edition<\/a><a href='http:\/\/www.rallye-entre2mers.com\/en\/category\/2025\/' title='2025' class='pt-cv-tax-2025'>2025<\/a><a href='http:\/\/www.rallye-entre2mers.com\/en\/category\/actualites\/' title='Actualit\u00e9s' class='pt-cv-tax-actualites'>Actualit\u00e9s<\/a><\/div><\/div>\n<div class=\"pt-cv-overlay-wrapper\"><h4 class=\"pt-cv-title\"><a href=\"http:\/\/www.rallye-entre2mers.com\/en\/etape-2-monestier-pau\/\" class=\"_self\" target=\"_self\" >Etape 2 \/ MONESTIER > PAU<\/a><\/h4><div class=\"pt-cv-content\"><div class=\"pt-cv-rmwrap\"><a href=\"http:\/\/www.rallye-entre2mers.com\/en\/etape-2-monestier-pau\/\" class=\"_self pt-cv-readmore btn btn-success\" target=\"_self\">Lire La Suite<\/a><\/div><\/div><\/div><\/div>\n<div class=\" pt-cv-content-item pt-cv-1-col\" ><div class=\"pt-cv-thumb-wrapper  \"><a href=\"http:\/\/www.rallye-entre2mers.com\/en\/etape-1-cognac-monestier\/\" class=\"_self pt-cv-href-thumbnail pt-cv-thumb-default\" target=\"_self\" ><img loading=\"lazy\" decoding=\"async\" width=\"720\" height=\"481\" src=\"http:\/\/www.rallye-entre2mers.com\/wp-content\/uploads\/2025\/10\/DSC3295-1-768x513.jpeg\" class=\"pt-cv-thumbnail\" alt=\"\" \/><\/a><div class=\"pt-cv-taxoterm over_top_right\"><a href='http:\/\/www.rallye-entre2mers.com\/en\/category\/10eme-edition\/' title='10\u00e8me Edition' class='pt-cv-tax-10eme-edition'>10\u00e8me Edition<\/a><a href='http:\/\/www.rallye-entre2mers.com\/en\/category\/2025\/' title='2025' class='pt-cv-tax-2025'>2025<\/a><a href='http:\/\/www.rallye-entre2mers.com\/en\/category\/actualites\/' title='Actualit\u00e9s' class='pt-cv-tax-actualites'>Actualit\u00e9s<\/a><\/div><\/div>\n<div class=\"pt-cv-overlay-wrapper\"><h4 class=\"pt-cv-title\"><a href=\"http:\/\/www.rallye-entre2mers.com\/en\/etape-1-cognac-monestier\/\" class=\"_self\" target=\"_self\" >Etape 1 \/ COGNAC > MONESTIER<\/a><\/h4><div class=\"pt-cv-content\"><div class=\"pt-cv-rmwrap\"><a href=\"http:\/\/www.rallye-entre2mers.com\/en\/etape-1-cognac-monestier\/\" class=\"_self pt-cv-readmore btn btn-success\" target=\"_self\">Lire La Suite<\/a><\/div><\/div><\/div><\/div>\n<div class=\" pt-cv-content-item pt-cv-1-col\" ><div class=\"pt-cv-thumb-wrapper  \"><a href=\"http:\/\/www.rallye-entre2mers.com\/en\/verifications-administratives-cognac\/\" class=\"_self pt-cv-href-thumbnail pt-cv-thumb-default\" target=\"_self\" ><img loading=\"lazy\" decoding=\"async\" width=\"720\" height=\"479\" src=\"http:\/\/www.rallye-entre2mers.com\/wp-content\/uploads\/2025\/10\/DSC_4279-768x511.jpg\" class=\"pt-cv-thumbnail\" alt=\"\" \/><\/a><div class=\"pt-cv-taxoterm over_top_right\"><a href='http:\/\/www.rallye-entre2mers.com\/en\/category\/10eme-edition\/' title='10\u00e8me Edition' class='pt-cv-tax-10eme-edition'>10\u00e8me Edition<\/a><a href='http:\/\/www.rallye-entre2mers.com\/en\/category\/2025\/' title='2025' class='pt-cv-tax-2025'>2025<\/a><a href='http:\/\/www.rallye-entre2mers.com\/en\/category\/actualites\/' title='Actualit\u00e9s' class='pt-cv-tax-actualites'>Actualit\u00e9s<\/a><\/div><\/div>\n<div class=\"pt-cv-overlay-wrapper\"><h4 class=\"pt-cv-title\"><a href=\"http:\/\/www.rallye-entre2mers.com\/en\/verifications-administratives-cognac\/\" class=\"_self\" target=\"_self\" >V\u00e9rifications Administratives \/ COGNAC<\/a><\/h4><div class=\"pt-cv-content\"><div class=\"pt-cv-rmwrap\"><a href=\"http:\/\/www.rallye-entre2mers.com\/en\/verifications-administratives-cognac\/\" class=\"_self pt-cv-readmore btn btn-success\" target=\"_self\">Lire La Suite<\/a><\/div><\/div><\/div><\/div><\/div><\/div>\n<div class=\" pt-cv-pagination-wrapper\"><ul class=\"pt-cv-pagination pt-cv-ajax pagination\" data-totalpages=\"10\" data-currentpage=\"1\" data-sid=\"f50dc77rg7\" data-unid=\"\" data-isblock=\"\" data-postid=\"\"><li class=\"active\"><a href=\"#\">1<\/a><\/li>\n\t<li ><a class=\"\" href=\"http:\/\/www.rallye-entre2mers.com\/en\/wp-json\/wp\/v2\/pages\/12365\/?_page=2\">2<\/a><\/li>\n\t<li ><a class=\"\" href=\"http:\/\/www.rallye-entre2mers.com\/en\/wp-json\/wp\/v2\/pages\/12365\/?_page=3\">3<\/a><\/li>\n\t<li ><a href=\"#\">&hellip;<\/a><\/li>\n\t<li ><a class=\"\" href=\"http:\/\/www.rallye-entre2mers.com\/en\/wp-json\/wp\/v2\/pages\/12365\/?_page=10\">10<\/a><\/li>\n\t<li ><a class=\" \" href=\"http:\/\/www.rallye-entre2mers.com\/en\/wp-json\/wp\/v2\/pages\/12365\/?_page=2\">&rsaquo;<\/a><\/li>\n\t<\/ul><img loading=\"lazy\" decoding=\"async\" width=\"15\" height=\"15\" class=\"pt-cv-spinner\" alt=\"Loading...\" src=\"data:image\/gif;base64,R0lGODlhDwAPALMPAMrKygwMDJOTkz09PZWVla+vr3p6euTk5M7OzuXl5TMzMwAAAJmZmWZmZszMzP\/\/\/yH\/C05FVFNDQVBFMi4wAwEAAAAh+QQFCgAPACwAAAAADwAPAAAEQvDJaZaZOIcV8iQK8VRX4iTYoAwZ4iCYoAjZ4RxejhVNoT+mRGP4cyF4Pp0N98sBGIBMEMOotl6YZ3S61Bmbkm4mAgAh+QQFCgAPACwAAAAADQANAAAENPDJSRSZeA418itN8QiK8BiLITVsFiyBBIoYqnoewAD4xPw9iY4XLGYSjkQR4UAUD45DLwIAIfkEBQoADwAsAAAAAA8ACQAABC\/wyVlamTi3nSdgwFNdhEJgTJoNyoB9ISYoQmdjiZPcj7EYCAeCF1gEDo4Dz2eIAAAh+QQFCgAPACwCAAAADQANAAAEM\/DJBxiYeLKdX3IJZT1FU0iIg2RNKx3OkZVnZ98ToRD4MyiDnkAh6BkNC0MvsAj0kMpHBAAh+QQFCgAPACwGAAAACQAPAAAEMDC59KpFDll73HkAA2wVY5KgiK5b0RRoI6MuzG6EQqCDMlSGheEhUAgqgUUAFRySIgAh+QQFCgAPACwCAAIADQANAAAEM\/DJKZNLND\/kkKaHc3xk+QAMYDKsiaqmZCxGVjSFFCxB1vwy2oOgIDxuucxAMTAJFAJNBAAh+QQFCgAPACwAAAYADwAJAAAEMNAs86q1yaWwwv2Ig0jUZx3OYa4XoRAfwADXoAwfo1+CIjyFRuEho60aSNYlOPxEAAAh+QQFCgAPACwAAAIADQANAAAENPA9s4y8+IUVcqaWJ4qEQozSoAzoIyhCK2NFU2SJk0hNnyEOhKR2AzAAj4Pj4GE4W0bkJQIAOw==\" \/><div class=\"clear pt-cv-clear-pagination\"><\/div><\/div><\/div>\t\t\t<style type=\"text\/css\" id=\"pt-cv-inline-style-216926ae2v\">#pt-cv-view-f50dc77rg7 .pt-cv-thumb-wrapper::before {background: rgba(0,0,0,.4); opacity: 0.8;}#pt-cv-view-f50dc77rg7 .pt-cv-overlay-wrapper {justify-content: flex-end;}\n#pt-cv-view-f50dc77rg7 > .pt-cv-page {grid-template-columns: repeat(3, 1fr);grid-auto-rows: 250px;grid-gap: 20px;}\n@media all and (max-width: 1024px) { \n#pt-cv-view-f50dc77rg7 > .pt-cv-page {grid-template-columns: repeat(3, 1fr);}\n} \n@media all and (max-width: 767px) { \n#pt-cv-view-f50dc77rg7 > .pt-cv-page {grid-template-columns: repeat(2, 1fr);}\n} <\/style>\r\n\t\t\t\r\n<div class=\"su-spacer\" style=\"height:20px\"><\/div>\r\n<div class=\"su-divider su-divider-style-default\" style=\"margin:0px 0;border-width:4px;border-color:#999999\"><\/div>\r\n<div class=\"su-row\">\r\n<div class=\"su-column su-column-size-3-4\"><div class=\"su-column-inner su-u-clearfix su-u-trim\">\r\n<div class=\"su-spacer\" style=\"height:5px\"><\/div>\r\n<h2>#cyrilneveupromotion<\/h2>\r\n<\/div><\/div>\r\n\r\n<div class=\"su-column su-column-size-1-4\"><div class=\"su-column-inner su-u-clearfix su-u-trim\">\r\n<div class=\"su-spacer\" style=\"height:10px\"><\/div>\r\n<div class=\"su-button-center\"><a href=\"https:\/\/www.instagram.com\/cyrilneveupromotion\/\" class=\"su-button su-button-style-default aligncenter\" style=\"color:#FFFFFF;background-color:#7F00FF;border-color:#6600cc;border-radius:6px\" target=\"_blank\" rel=\"noopener noreferrer\"><span style=\"color:#FFFFFF;padding:6px 18px;font-size:14px;line-height:21px;border-color:#a64dff;border-radius:6px;text-shadow:0px 0px 0px #000000\"><i class=\"sui sui-instagram\" style=\"font-size:14px;color:#FFFFFF\"><\/i> Follow<\/span><\/a><\/div>\r\n<\/div><\/div>\r\n<\/div>\r\n[instagram-feed feed=1]","protected":false},"excerpt":{"rendered":"<p>10\u00e8me RALLYE ENTRE 2 MERS 13-17 OCTOBRE 2025 COGNAC > MONESTIER > PAU > BIARRITZ 5 JOURS &#8211; 4 ETAPES &#8211; 1200km Un parcours fait de d\u00e9couvertes et de sessions de pilotage sur circuit ! PROGRAMME PARCOURS COMMENT PARTICIPER ? DERNIERES NOUVELLES [instagram-feed feed=1]<\/p>\n","protected":false},"author":6,"featured_media":0,"parent":0,"menu_order":0,"comment_status":"closed","ping_status":"closed","template":"","meta":{"footnotes":""},"class_list":["post-12365","page","type-page","status-publish","hentry","post"],"translation":{"provider":"WPGlobus","version":"3.0.0","language":"en","enabled_languages":["fr","en"],"languages":{"fr":{"title":true,"content":true,"excerpt":false},"en":{"title":true,"content":false,"excerpt":false}}},"_links":{"self":[{"href":"http:\/\/www.rallye-entre2mers.com\/en\/wp-json\/wp\/v2\/pages\/12365","targetHints":{"allow":["GET"]}}],"collection":[{"href":"http:\/\/www.rallye-entre2mers.com\/en\/wp-json\/wp\/v2\/pages"}],"about":[{"href":"http:\/\/www.rallye-entre2mers.com\/en\/wp-json\/wp\/v2\/types\/page"}],"author":[{"embeddable":true,"href":"http:\/\/www.rallye-entre2mers.com\/en\/wp-json\/wp\/v2\/users\/6"}],"replies":[{"embeddable":true,"href":"http:\/\/www.rallye-entre2mers.com\/en\/wp-json\/wp\/v2\/comments?post=12365"}],"version-history":[{"count":9,"href":"http:\/\/www.rallye-entre2mers.com\/en\/wp-json\/wp\/v2\/pages\/12365\/revisions"}],"predecessor-version":[{"id":12386,"href":"http:\/\/www.rallye-entre2mers.com\/en\/wp-json\/wp\/v2\/pages\/12365\/revisions\/12386"}],"wp:attachment":[{"href":"http:\/\/www.rallye-entre2mers.com\/en\/wp-json\/wp\/v2\/media?parent=12365"}],"curies":[{"name":"wp","href":"https:\/\/api.w.org\/{rel}","templated":true}]}}