{"id":12360,"date":"2024-11-12T12:00:33","date_gmt":"2024-11-12T11:00:33","guid":{"rendered":"http:\/\/www.rallye-entre2mers.com\/?page_id=12360"},"modified":"2024-11-12T12:15:14","modified_gmt":"2024-11-12T11:15:14","slug":"retour-sur-la-9eme-edition-du-rallye-entre-2-mers-2024","status":"publish","type":"page","link":"http:\/\/www.rallye-entre2mers.com\/en\/retour-sur-la-9eme-edition-du-rallye-entre-2-mers-2024\/","title":{"rendered":"Retour sur la 9\u00e8me Edition du Rallye Entre 2 Mers 2024"},"content":{"rendered":"<h2>Retour en image sur le 9\u00e8me Rallye Entre 2 Mers 2024<\/h2>\r\n<div class=\"su-spacer\" style=\"height:10px\"><\/div>\r\n<div class=\"su-youtube su-u-responsive-media-yes height: auto\"><iframe loading=\"lazy\" width=\"1200\" height=\"720\" src=\"https:\/\/www.youtube.com\/embed\/TLWvGThgizQ?autohide=2&amp;autoplay=0&amp;mute=0&amp;controls=1&amp;fs=1&amp;loop=1&amp;modestbranding=1&amp;playlist=TLWvGThgizQ&amp;rel=0&amp;showinfo=1&amp;theme=light&amp;wmode=&amp;playsinline=1\" frameborder=\"0\" allowfullscreen allow=\"autoplay; encrypted-media; picture-in-picture\" title=\"\"><\/iframe><\/div>\r\n<br>\r\nMardi 29 octobre 2024, les 30 \u00e9quipages participants au 9\u00e8me Rallye Entre 2 Mers, avec un parcours renouvel\u00e9 pour 2024, s\u2019\u00e9taient donn\u00e9 rendez-vous \u00e0 San Sebastien pour la journ\u00e9e d\u2019accueil et les v\u00e9rifications administratives pr\u00e9alables au d\u00e9part de ce Rallye comptant 1200 km et 4 \u00e9tapes, de San Sebastien \u00e0 Porto. \r\n<br>\r\n<br>\r\nDepuis San Sebastien, la premi\u00e8re \u00e9tape s&#8217;est lanc\u00e9e \u00e0 l&#8217;assaut du pays basque espagnol pour disputer une premi\u00e8re \u00e9preuve de classement sur route ouverte. A Estella Lizarra, la pluie qui s&#8217;\u00e9tait invit\u00e9e au moment du d\u00e9jeuner s&#8217;effa\u00e7a au profit d&#8217;un carr\u00e9 de ciel bleu id\u00e9alement plac\u00e9 au dessus du Circuit de Navarra, o\u00f9 chaque \u00e9quipage devait se mesurer au chronom\u00e8tre et faire preuve d\u2019une r\u00e9gularit\u00e9 exemplaire pour bien figurer ! L&#8217;apr\u00e8s-midi vers Logrono proposait un parcours au coeur de la Navarre pour rejoindre Logrono et le tr\u00e8s \u201ccontemporain\u201d h\u00f4tel Marques de Riscal au design exceptionnel, \u00e9tabli au sein du vignoble du m\u00eame nom.\r\n<br>\r\n<br>\r\nPour la deuxi\u00e8me \u00e9tape au d\u00e9part de Logrono, la plus longue du rallye, le parcours proposait une multitude de virages et de points de vue exceptionnel sur les montagnes des \u201cPicos de Europa\u201d. Sous un beau ciel bleu, une \u00e9preuve de r\u00e9gularit\u00e9 \u00e9tait \u00e0 disputer durant la matin\u00e9e dans la r\u00e9serve nationale de Fuentes Carrionas, avant la pause au Parador de Pisuerga. Une seconde \u00e9preuve de r\u00e9gularit\u00e9 se d\u00e9roulait ensuite au sommet du Puerto de Tarna qui m\u00e8nait \u00e0 Aviles, sur la c\u00f4te atlantique, au Palacio de Aviles, situ\u00e9 dans le coeur historique de la ville portuaire.\r\n<br>\r\n<br>\r\nLe parcours depuis Aviles proposait une matin\u00e9e sinueuse dans un d\u00e9dale de petites routes au coeur des Asturies avec la seule \u00e9preuve de r\u00e9gularit\u00e9 du jour organis\u00e9e au Puerto del Palo, avant d\u2019atteindre les chemins de Compostelle. C\u2019est au coeur de ces montagnes verdoyantes et pel\u00e9es qu&#8217;\u00e9tait pr\u00e9vu le d\u00e9jeuner, dans un \u00e9tablissement typique, o\u00f9 une cuisine traditionnelle aura su r\u00e9galer les papilles des participants. L\u2019apr\u00e8s-midi \u00e9tait quant \u00e0 elle plus roulante en direction de St-Jacques pour arriver sur la place de l&#8217;Obradoiro, charg\u00e9e d\u2019histoire, o\u00f9 nous avons crois\u00e9 nombre de p\u00e8lerins venant d\u2019achever leur p\u00e9riple p\u00e9destre ! \r\n<br>\r\n<br>\r\nPour cl\u00f4turer cette \u00e9dition, la derni\u00e8re \u00e9tape reliait Santiago de Compostela \u00e0 Porto en passant par Braga, avec un d\u00e9jeuner au coeur de la vieille ville. Il fallait ensuite se rendre sur le Circuit Vasco Sameiro et son trac\u00e9 atypique, entre virages serr\u00e9s, chicanes et longues lignes droites, pour la derni\u00e8re \u00e9preuve permettant de figer le classement final. Avec la vall\u00e9e du Douro en point de mire, nous sommes arriv\u00e9s \u00e0 l\u2019h\u00f4tel The Yeatman, offrant toujours une vue incroyable sur Porto et ses caves pour y c\u00e9l\u00e9brer les grands vainqueurs de ce rallye in\u00e9dit entre Espagne et Portugal. \r\n<br>\r\n<br>\r\nNous souhaitons que ce rallye aura su s\u00e9duire les \u00e9quipages avides de paysages somptueux et d\u00e9sireux d&#8217;en d\u00e9coudre avec le chronom\u00e8tre sur circuits. \r\nRendez-vous est d\u00e9sormais pris pour 2025 et une 10\u00e8me \u00e9dition 100% fran\u00e7aise entre Cognac et Biarritz, o\u00f9 seront mis \u00e0 l&#8217;honneur les r\u00e9gions des spiritueux et les circuits de Haute-Saintonge, Nogaro et Pau-Arnos.\r\n<br>\r\n\r\n<h2>L&#8217;\u00e9dition 2024 en photos<\/h2>\r\nCliquez sur une miniature et t\u00e9l\u00e9chargez les clich\u00e9s tri\u00e9s par num\u00e9ro de porte.\r\n<hr>\r\n<div class=\"su-row\">\r\n<div class=\"su-column su-column-size-1-3\"><div class=\"su-column-inner su-u-clearfix su-u-trim\">\r\n<a href=\"http:\/\/www.cyrilneveupromotion.com\/transfert\/E2M2024\/Equipage01.zip\">\r\n<img loading=\"lazy\" decoding=\"async\" src=\"http:\/\/www.rallye-entre2mers.com\/wp-content\/uploads\/2024\/11\/Equipage01.jpg\" alt=\"\" width=\"720\" height=\"480\" class=\"alignnone\" \/><\/a><b>Equipage #01<\/b><\/div><\/div>\r\n<div class=\"su-column su-column-size-1-3\"><div class=\"su-column-inner su-u-clearfix su-u-trim\">\r\n<a href=\"http:\/\/www.cyrilneveupromotion.com\/transfert\/E2M2024\/Equipage02.zip\">\r\n<img loading=\"lazy\" decoding=\"async\" src=\"http:\/\/www.rallye-entre2mers.com\/wp-content\/uploads\/2024\/11\/Equipage02.jpg\" alt=\"\" width=\"720\" height=\"480\" class=\"alignnone\" \/><\/a><b>Equipage #02<\/b><\/div><\/div>\r\n<div class=\"su-column su-column-size-1-3\"><div class=\"su-column-inner su-u-clearfix su-u-trim\">\r\n<a href=\"http:\/\/www.cyrilneveupromotion.com\/transfert\/E2M2024\/Equipage03.zip\">\r\n<img loading=\"lazy\" decoding=\"async\" src=\"http:\/\/www.rallye-entre2mers.com\/wp-content\/uploads\/2024\/11\/Equipage03.jpg\" alt=\"\" width=\"720\" height=\"480\" class=\"alignnone\" \/><\/a><b>Equipage #03<\/b><\/div><\/div>\r\n<\/div>\r\n<hr>\r\n<div class=\"su-row\">\r\n<div class=\"su-column su-column-size-1-3\"><div class=\"su-column-inner su-u-clearfix su-u-trim\">\r\n<a href=\"http:\/\/www.cyrilneveupromotion.com\/transfert\/E2M2024\/Equipage04.zip\">\r\n<img loading=\"lazy\" decoding=\"async\" src=\"http:\/\/www.rallye-entre2mers.com\/wp-content\/uploads\/2024\/11\/Equipage04.jpg\" alt=\"\" width=\"720\" height=\"480\" class=\"alignnone\" \/><\/a><b>Equipage #04<\/b><\/div><\/div>\r\n<div class=\"su-column su-column-size-1-3\"><div class=\"su-column-inner su-u-clearfix su-u-trim\">\r\n<a href=\"http:\/\/www.cyrilneveupromotion.com\/transfert\/E2M2024\/Equipage05.zip\">\r\n<img loading=\"lazy\" decoding=\"async\" src=\"http:\/\/www.rallye-entre2mers.com\/wp-content\/uploads\/2024\/11\/Equipage05.jpg\" alt=\"\" width=\"720\" height=\"480\" class=\"alignnone\" \/><\/a><b>Equipage #05<\/b><\/div><\/div>\r\n<div class=\"su-column su-column-size-1-3\"><div class=\"su-column-inner su-u-clearfix su-u-trim\">\r\n<a href=\"http:\/\/www.cyrilneveupromotion.com\/transfert\/E2M2024\/Equipage06.zip\">\r\n<img loading=\"lazy\" decoding=\"async\" src=\"http:\/\/www.rallye-entre2mers.com\/wp-content\/uploads\/2024\/11\/Equipage06.jpg\" alt=\"\" width=\"720\" height=\"480\" class=\"alignnone\" \/><\/a><b>Equipage #06<\/b><\/div><\/div>\r\n<\/div>\r\n<hr>\r\n<div class=\"su-row\">\r\n<div class=\"su-column su-column-size-1-3\"><div class=\"su-column-inner su-u-clearfix su-u-trim\">\r\n<a href=\"http:\/\/www.cyrilneveupromotion.com\/transfert\/E2M2024\/Equipage07.zip\">\r\n<img loading=\"lazy\" decoding=\"async\" src=\"http:\/\/www.rallye-entre2mers.com\/wp-content\/uploads\/2024\/11\/Equipage07.jpg\" alt=\"\" width=\"720\" height=\"480\" class=\"alignnone\" \/><\/a><b>Equipage #04<\/b><\/div><\/div>\r\n<div class=\"su-column su-column-size-1-3\"><div class=\"su-column-inner su-u-clearfix su-u-trim\">\r\n<a href=\"http:\/\/www.cyrilneveupromotion.com\/transfert\/E2M2024\/Equipage08.zip\">\r\n<img loading=\"lazy\" decoding=\"async\" src=\"http:\/\/www.rallye-entre2mers.com\/wp-content\/uploads\/2024\/11\/Equipage08.jpg\" alt=\"\" width=\"720\" height=\"480\" class=\"alignnone\" \/><\/a><b>Equipage #05<\/b><\/div><\/div>\r\n<div class=\"su-column su-column-size-1-3\"><div class=\"su-column-inner su-u-clearfix su-u-trim\">\r\n<a href=\"http:\/\/www.cyrilneveupromotion.com\/transfert\/E2M2024\/Equipage09.zip\">\r\n<img loading=\"lazy\" decoding=\"async\" src=\"http:\/\/www.rallye-entre2mers.com\/wp-content\/uploads\/2024\/11\/Equipage09.jpg\" alt=\"\" width=\"720\" height=\"480\" class=\"alignnone\" \/><\/a><b>Equipage #06<\/b><\/div><\/div>\r\n<\/div>\r\n<hr>\r\n<div class=\"su-row\">\r\n<div class=\"su-column su-column-size-1-3\"><div class=\"su-column-inner su-u-clearfix su-u-trim\">\r\n<a href=\"http:\/\/www.cyrilneveupromotion.com\/transfert\/E2M2024\/Equipage101.zip\">\r\n<img loading=\"lazy\" decoding=\"async\" src=\"http:\/\/www.rallye-entre2mers.com\/wp-content\/uploads\/2024\/11\/Equipage101.jpg\" alt=\"\" width=\"720\" height=\"480\" class=\"alignnone\" \/><\/a><b>Equipage #101<\/b><\/div><\/div>\r\n<div class=\"su-column su-column-size-1-3\"><div class=\"su-column-inner su-u-clearfix su-u-trim\">\r\n<a href=\"http:\/\/www.cyrilneveupromotion.com\/transfert\/E2M2024\/Equipage102.zip\">\r\n<img loading=\"lazy\" decoding=\"async\" src=\"http:\/\/www.rallye-entre2mers.com\/wp-content\/uploads\/2024\/11\/Equipage102.jpg\" alt=\"\" width=\"720\" height=\"480\" class=\"alignnone\" \/><\/a><b>Equipage #102<\/b><\/div><\/div>\r\n<div class=\"su-column su-column-size-1-3\"><div class=\"su-column-inner su-u-clearfix su-u-trim\">\r\n<a href=\"http:\/\/www.cyrilneveupromotion.com\/transfert\/E2M2024\/Equipage103.zip\">\r\n<img loading=\"lazy\" decoding=\"async\" src=\"http:\/\/www.rallye-entre2mers.com\/wp-content\/uploads\/2024\/11\/Equipage103.jpg\" alt=\"\" width=\"720\" height=\"480\" class=\"alignnone\" \/><\/a><b>Equipage #103<\/b><\/div><\/div>\r\n<\/div>\r\n<hr>\r\n<div class=\"su-row\">\r\n<div class=\"su-column su-column-size-1-3\"><div class=\"su-column-inner su-u-clearfix su-u-trim\">\r\n<a href=\"http:\/\/www.cyrilneveupromotion.com\/transfert\/E2M2024\/Equipage104.zip\">\r\n<img loading=\"lazy\" decoding=\"async\" src=\"http:\/\/www.rallye-entre2mers.com\/wp-content\/uploads\/2024\/11\/Equipage104.jpg\" alt=\"\" width=\"720\" height=\"480\" class=\"alignnone\" \/><\/a><b>Equipage #104<\/b><\/div><\/div>\r\n<div class=\"su-column su-column-size-1-3\"><div class=\"su-column-inner su-u-clearfix su-u-trim\">\r\n<a href=\"http:\/\/www.cyrilneveupromotion.com\/transfert\/E2M2024\/Equipage105.zip\">\r\n<img loading=\"lazy\" decoding=\"async\" src=\"http:\/\/www.rallye-entre2mers.com\/wp-content\/uploads\/2024\/11\/Equipage105.jpg\" alt=\"\" width=\"720\" height=\"480\" class=\"alignnone\" \/><\/a><b>Equipage #105<\/b><\/div><\/div>\r\n<div class=\"su-column su-column-size-1-3\"><div class=\"su-column-inner su-u-clearfix su-u-trim\">\r\n<a href=\"http:\/\/www.cyrilneveupromotion.com\/transfert\/E2M2024\/Equipage106.zip\">\r\n<img loading=\"lazy\" decoding=\"async\" src=\"http:\/\/www.rallye-entre2mers.com\/wp-content\/uploads\/2024\/11\/Equipage106.jpg\" alt=\"\" width=\"720\" height=\"480\" class=\"alignnone\" \/><\/a><b>Equipage #106<\/b><\/div><\/div>\r\n<\/div>\r\n<hr>\r\n<div class=\"su-row\">\r\n<div class=\"su-column su-column-size-1-3\"><div class=\"su-column-inner su-u-clearfix su-u-trim\">\r\n<a href=\"http:\/\/www.cyrilneveupromotion.com\/transfert\/E2M2024\/Equipage107.zip\">\r\n<img loading=\"lazy\" decoding=\"async\" src=\"http:\/\/www.rallye-entre2mers.com\/wp-content\/uploads\/2024\/11\/Equipage107.jpg\" alt=\"\" width=\"720\" height=\"480\" class=\"alignnone\" \/><\/a><b>Equipage #107<\/b><\/div><\/div>\r\n<div class=\"su-column su-column-size-1-3\"><div class=\"su-column-inner su-u-clearfix su-u-trim\">\r\n<a href=\"http:\/\/www.cyrilneveupromotion.com\/transfert\/E2M2024\/Equipage108.zip\">\r\n<img loading=\"lazy\" decoding=\"async\" src=\"http:\/\/www.rallye-entre2mers.com\/wp-content\/uploads\/2024\/11\/Equipage108.jpg\" alt=\"\" width=\"720\" height=\"480\" class=\"alignnone\" \/><\/a><b>Equipage #108<\/b><\/div><\/div>\r\n<div class=\"su-column su-column-size-1-3\"><div class=\"su-column-inner su-u-clearfix su-u-trim\">\r\n<a href=\"http:\/\/www.cyrilneveupromotion.com\/transfert\/E2M2024\/Equipage109.zip\">\r\n<img loading=\"lazy\" decoding=\"async\" src=\"http:\/\/www.rallye-entre2mers.com\/wp-content\/uploads\/2024\/11\/Equipage109.jpg\" alt=\"\" width=\"720\" height=\"480\" class=\"alignnone\" \/><\/a><b>Equipage #109<\/b><\/div><\/div>\r\n<\/div>\r\n<hr>\r\n<div class=\"su-row\">\r\n<div class=\"su-column su-column-size-1-3\"><div class=\"su-column-inner su-u-clearfix su-u-trim\">\r\n<a href=\"http:\/\/www.cyrilneveupromotion.com\/transfert\/E2M2024\/Equipage110.zip\">\r\n<img loading=\"lazy\" decoding=\"async\" src=\"http:\/\/www.rallye-entre2mers.com\/wp-content\/uploads\/2024\/11\/Equipage110.jpg\" alt=\"\" width=\"720\" height=\"480\" class=\"alignnone\" \/><\/a><b>Equipage #110<\/b><\/div><\/div>\r\n<div class=\"su-column su-column-size-1-3\"><div class=\"su-column-inner su-u-clearfix su-u-trim\">\r\n<a href=\"http:\/\/www.cyrilneveupromotion.com\/transfert\/E2M2024\/Equipage111.zip\">\r\n<img loading=\"lazy\" decoding=\"async\" src=\"http:\/\/www.rallye-entre2mers.com\/wp-content\/uploads\/2024\/11\/Equipage111.jpg\" alt=\"\" width=\"720\" height=\"480\" class=\"alignnone\" \/><\/a><b>Equipage #111<\/b><\/div><\/div>\r\n<div class=\"su-column su-column-size-1-3\"><div class=\"su-column-inner su-u-clearfix su-u-trim\">\r\n<a href=\"http:\/\/www.cyrilneveupromotion.com\/transfert\/E2M2024\/Equipage112.zip\">\r\n<img loading=\"lazy\" decoding=\"async\" src=\"http:\/\/www.rallye-entre2mers.com\/wp-content\/uploads\/2024\/11\/Equipage112.jpg\" alt=\"\" width=\"720\" height=\"480\" class=\"alignnone\" \/><\/a><b>Equipage #112<\/b><\/div><\/div>\r\n<\/div>\r\n<hr>\r\n<div class=\"su-row\">\r\n<div class=\"su-column su-column-size-1-3\"><div class=\"su-column-inner su-u-clearfix su-u-trim\">\r\n<a href=\"http:\/\/www.cyrilneveupromotion.com\/transfert\/E2M2024\/Equipage113.zip\">\r\n<img loading=\"lazy\" decoding=\"async\" src=\"http:\/\/www.rallye-entre2mers.com\/wp-content\/uploads\/2024\/11\/Equipage113.jpg\" alt=\"\" width=\"720\" height=\"480\" class=\"alignnone\" \/><\/a><b>Equipage #113<\/b><\/div><\/div>\r\n<div class=\"su-column su-column-size-1-3\"><div class=\"su-column-inner su-u-clearfix su-u-trim\">\r\n<a href=\"http:\/\/www.cyrilneveupromotion.com\/transfert\/E2M2024\/Equipage114.zip\">\r\n<img loading=\"lazy\" decoding=\"async\" src=\"http:\/\/www.rallye-entre2mers.com\/wp-content\/uploads\/2024\/11\/Equipage114.jpg\" alt=\"\" width=\"720\" height=\"480\" class=\"alignnone\" \/><\/a><b>Equipage #114<\/b><\/div><\/div>\r\n<div class=\"su-column su-column-size-1-3\"><div class=\"su-column-inner su-u-clearfix su-u-trim\">\r\n<a href=\"http:\/\/www.cyrilneveupromotion.com\/transfert\/E2M2024\/Equipage115.zip\">\r\n<img loading=\"lazy\" decoding=\"async\" src=\"http:\/\/www.rallye-entre2mers.com\/wp-content\/uploads\/2024\/11\/Equipage115.jpg\" alt=\"\" width=\"720\" height=\"480\" class=\"alignnone\" \/><\/a><b>Equipage #115<\/b><\/div><\/div>\r\n<\/div>\r\n<hr>\r\n<div class=\"su-row\">\r\n<div class=\"su-column su-column-size-1-3\"><div class=\"su-column-inner su-u-clearfix su-u-trim\">\r\n<a href=\"http:\/\/www.cyrilneveupromotion.com\/transfert\/E2M2024\/Equipage116.zip\">\r\n<img loading=\"lazy\" decoding=\"async\" src=\"http:\/\/www.rallye-entre2mers.com\/wp-content\/uploads\/2024\/11\/Equipage116.jpg\" alt=\"\" width=\"720\" height=\"480\" class=\"alignnone\" \/><\/a><b>Equipage #116<\/b><\/div><\/div>\r\n<div class=\"su-column su-column-size-1-3\"><div class=\"su-column-inner su-u-clearfix su-u-trim\">\r\n<a href=\"http:\/\/www.cyrilneveupromotion.com\/transfert\/E2M2024\/Equipage117.zip\">\r\n<img loading=\"lazy\" decoding=\"async\" src=\"http:\/\/www.rallye-entre2mers.com\/wp-content\/uploads\/2024\/11\/Equipage117.jpg\" alt=\"\" width=\"720\" height=\"480\" class=\"alignnone\" \/><\/a><b>Equipage #117<\/b><\/div><\/div>\r\n<div class=\"su-column su-column-size-1-3\"><div class=\"su-column-inner su-u-clearfix su-u-trim\">\r\n<a href=\"http:\/\/www.cyrilneveupromotion.com\/transfert\/E2M2024\/Equipage118.zip\">\r\n<img loading=\"lazy\" decoding=\"async\" src=\"http:\/\/www.rallye-entre2mers.com\/wp-content\/uploads\/2024\/11\/Equipage118.jpg\" alt=\"\" width=\"720\" height=\"480\" class=\"alignnone\" \/><\/a><b>Equipage #118<\/b><\/div><\/div>\r\n<\/div>\r\n<hr>\r\n<div class=\"su-row\">\r\n<div class=\"su-column su-column-size-1-3\"><div class=\"su-column-inner su-u-clearfix su-u-trim\">\r\n<a href=\"http:\/\/www.cyrilneveupromotion.com\/transfert\/E2M2024\/Equipage119.zip\">\r\n<img loading=\"lazy\" decoding=\"async\" src=\"http:\/\/www.rallye-entre2mers.com\/wp-content\/uploads\/2024\/11\/Equipage119.jpg\" alt=\"\" width=\"720\" height=\"480\" class=\"alignnone\" \/><\/a><b>Equipage #119<\/b><\/div><\/div>\r\n<div class=\"su-column su-column-size-1-3\"><div class=\"su-column-inner su-u-clearfix su-u-trim\">\r\n<a href=\"http:\/\/www.cyrilneveupromotion.com\/transfert\/E2M2024\/Equipage120.zip\">\r\n<img loading=\"lazy\" decoding=\"async\" src=\"http:\/\/www.rallye-entre2mers.com\/wp-content\/uploads\/2024\/11\/Equipage120.jpg\" alt=\"\" width=\"720\" height=\"480\" class=\"alignnone\" \/><\/a><b>Equipage #120<\/b><\/div><\/div>\r\n<div class=\"su-column su-column-size-1-3\"><div class=\"su-column-inner su-u-clearfix su-u-trim\">\r\n<a href=\"http:\/\/www.cyrilneveupromotion.com\/transfert\/E2M2024\/Equipage121.zip\">\r\n<img loading=\"lazy\" decoding=\"async\" src=\"http:\/\/www.rallye-entre2mers.com\/wp-content\/uploads\/2024\/11\/Equipage121.jpg\" alt=\"\" width=\"720\" height=\"480\" class=\"alignnone\" \/><\/a><b>Equipage #121<\/b><\/div><\/div>\r\n<\/div>\r\n<hr>","protected":false},"excerpt":{"rendered":"<p>Retour en image sur le 9\u00e8me Rallye Entre 2 Mers 2024 Mardi 29 octobre 2024, les 30 \u00e9quipages participants au 9\u00e8me Rallye Entre 2 Mers, avec un parcours renouvel\u00e9 pour 2024, s\u2019\u00e9taient donn\u00e9 rendez-vous \u00e0 San Sebastien pour la journ\u00e9e d\u2019accueil et les v\u00e9rifications administratives pr\u00e9alables au d\u00e9part de ce Rallye comptant 1200 km et [&hellip;]<\/p>\n","protected":false},"author":6,"featured_media":0,"parent":0,"menu_order":0,"comment_status":"closed","ping_status":"closed","template":"","meta":{"footnotes":""},"class_list":["post-12360","page","type-page","status-publish","hentry","post"],"translation":{"provider":"WPGlobus","version":"3.0.0","language":"en","enabled_languages":["fr","en"],"languages":{"fr":{"title":true,"content":true,"excerpt":false},"en":{"title":false,"content":false,"excerpt":false}}},"_links":{"self":[{"href":"http:\/\/www.rallye-entre2mers.com\/en\/wp-json\/wp\/v2\/pages\/12360","targetHints":{"allow":["GET"]}}],"collection":[{"href":"http:\/\/www.rallye-entre2mers.com\/en\/wp-json\/wp\/v2\/pages"}],"about":[{"href":"http:\/\/www.rallye-entre2mers.com\/en\/wp-json\/wp\/v2\/types\/page"}],"author":[{"embeddable":true,"href":"http:\/\/www.rallye-entre2mers.com\/en\/wp-json\/wp\/v2\/users\/6"}],"replies":[{"embeddable":true,"href":"http:\/\/www.rallye-entre2mers.com\/en\/wp-json\/wp\/v2\/comments?post=12360"}],"version-history":[{"count":3,"href":"http:\/\/www.rallye-entre2mers.com\/en\/wp-json\/wp\/v2\/pages\/12360\/revisions"}],"predecessor-version":[{"id":12363,"href":"http:\/\/www.rallye-entre2mers.com\/en\/wp-json\/wp\/v2\/pages\/12360\/revisions\/12363"}],"wp:attachment":[{"href":"http:\/\/www.rallye-entre2mers.com\/en\/wp-json\/wp\/v2\/media?parent=12360"}],"curies":[{"name":"wp","href":"https:\/\/api.w.org\/{rel}","templated":true}]}}